{"id":3057,"date":"2020-04-06T12:15:24","date_gmt":"2020-04-06T11:15:24","guid":{"rendered":"https:\/\/www.nijhuisgroup.com\/disclaimer-en-privacy-statement\/"},"modified":"2024-03-25T17:19:31","modified_gmt":"2024-03-25T16:19:31","slug":"disclaimer-en-privacy-statement","status":"publish","type":"page","link":"https:\/\/www.nijhuisgroup.com\/de\/disclaimer-en-privacy-statement\/","title":{"rendered":"Haftungsausschluss und der Datenschutzerkl\u00e4rung"},"content":{"rendered":"\n      \t<div class=\"PageContent\">\n      \t\t<h1 class=\"wp-block-heading\">Haftungsausschluss und der Datenschutzerkl\u00e4rung<\/h1><p>Das Folgende gilt f\u00fcr diese gesamte Website. Mit der Nutzung dieser Website erkl\u00e4ren Sie sich mit diesem Haftungsausschluss und der Datenschutzerkl\u00e4rung einverstanden.<\/p><h2 class=\"wp-block-heading\">HAFTUNGSAUSSCHLUSS NIJHUIS GROUP<\/h2><h4 class=\"wp-block-heading\">1. INHALT &amp; VERF\u00dcGBARKEIT<\/h4><p>Alle Seiten auf dieser Website wurden von der Nijhuis Gruppe mit gro\u00dfer Sorgfalt zusammengestellt. Trotzdem k\u00f6nnen Ungenauigkeiten auftreten. Die Nijhuis-Gruppe haftet nicht f\u00fcr direkte oder indirekte Sch\u00e4den, die sich aus sachlichen Unrichtigkeiten der angebotenen Informationen oder anderweitig aus der Nutzung oder der Unm\u00f6glichkeit der Nutzung der angebotenen Informationen ergeben.<\/p><p>Dies gilt ausdr\u00fccklich auch f\u00fcr Ungenauigkeiten in Informationen, die von Drittanbietern stammen und auf dieser Seite ver\u00f6ffentlicht werden. Dar\u00fcber hinaus kann die Nijhuis Gruppe in keiner Weise f\u00fcr direkte oder indirekte Sch\u00e4den haftbar gemacht werden, die sich aus technischen St\u00f6rungen ergeben, aufgrund derer die Seiten zu irgendeinem Zeitpunkt oder f\u00fcr einen bestimmten Zeitraum nicht oder nicht vollst\u00e4ndig verf\u00fcgbar sind.<\/p><p>Alle Prozents\u00e4tze, Kosten und Preise sind freibleibend. Aus ihnen k\u00f6nnen keine Rechte abgeleitet werden.<\/p><p>Wir haben die gr\u00f6\u00dftm\u00f6gliche Sorgfalt darauf verwendet, Bilder und Videoclips mit den richtigen Rechten zu erhalten. Sollten Sie der Meinung sein, dass Bilder oder Videofragmente verwendet wurden, die nicht korrekt beschafft wurden, bitten wir Sie, uns dies per E-Mail an info@nijhuigroup.com mitzuteilen. Wir werden dann eine korrekte Anordnung vereinbaren oder das\/die vorzeigbare(n) Bild(er) oder Videofragment(e) sofort entfernen.<\/p><h4 class=\"wp-block-heading\">2. PERS\u00d6NLICHE DATEN<\/h4><p>Sie k\u00f6nnen diese Website besuchen, ohne personenbezogene Daten zu hinterlassen. Allerdings verwenden wir Cookies, \u00fcber die wir Ihnen im Folgenden mehr erz\u00e4hlen m\u00f6chten.<\/p><p>Wir fragen Sie nur nach Ihren pers\u00f6nlichen Daten, wenn Sie ein Kontaktformular ausf\u00fcllen. Diese Daten werden per E-Mail an uns gesendet und ausschlie\u00dflich zur Kontaktaufnahme verwendet. Wir verkaufen die gesammelten (personenbezogenen) Daten nicht und stellen sie Dritten nicht zur Verf\u00fcgung. Ausgenommen hiervon sind besondere Umst\u00e4nde, z. B. wenn dies gesetzlich vorgeschrieben ist.<\/p><h4 class=\"wp-block-heading\">3. COOKIE-RICHTLINIE<\/h4><p><strong>3a<\/strong>&nbsp;Nijhuis Gruppe verwendet Cookies, um die Funktionalit\u00e4t bestimmter Seiten der Website zu optimieren. Cookies sind kleine Textdateien, die von einer Website-Seite auf dem Computer des Besuchers abgelegt werden. In einem solchen Cookie werden Informationen wie bestimmte Vorlieben des Besuchers gespeichert. Dies erm\u00f6glicht es der Nijhuis Gruppe, den Besuchern bei sp\u00e4teren Besuchen einen noch besseren Service zu bieten.<\/p><p><strong>3b<\/strong>&nbsp;Der Besucher kann bestimmen, wie er mit Cookies umgehen m\u00f6chte. Er kann seinen Browser so einstellen, dass er die Verwendung von Cookies zul\u00e4sst, nicht zul\u00e4sst oder teilweise zul\u00e4sst. Im letzteren Fall kann eingestellt werden, welche Websites Cookies setzen d\u00fcrfen. Alle anderen Websites werden dann verboten. Moderne Browser bieten diese M\u00f6glichkeit.<\/p><p><strong>3c&nbsp;<\/strong>Cookies k\u00f6nnen jederzeit von einem Computer entfernt werden, auch \u00fcber den Browser.<\/p><h4 class=\"wp-block-heading\">4. VRAGEN4. FRAGEN<\/h4><p>Haben Sie Fragen zur Verwendung Ihrer pers\u00f6nlichen Daten oder unserer Cookies? Sie k\u00f6nnen uns eine E-Mail an info@nijhuigroup.com senden.<\/p><h4 class=\"wp-block-heading\">5. COPYRIGHT<\/h4><p>Ohne Erlaubnis der Nijhuis Gruppe darf nichts vervielf\u00e4ltigt, in einer (computerisierten) Datenbank gespeichert und\/oder in irgendeiner Form oder Art und Weise ver\u00f6ffentlicht oder f\u00fcr andere Sites verwendet werden. Der Ausdruck von Seiten ist nur f\u00fcr den pers\u00f6nlichen Gebrauch gestattet. Es wird davon ausgegangen, dass jeder, der auf die Website der Nijhuis Gruppe zugreift, das Vorstehende zur Kenntnis genommen hat und damit einverstanden ist.<\/p><h2 class=\"wp-block-heading\">DATENSCHUTZERKL\u00c4RUNG NIJHUIS GRUPPE<\/h2><h4 class=\"wp-block-heading\"><strong>ERHEBUNG UND VERWENDUNG PERSONENBEZOGENER DATEN VON KUNDEN, LIEFERANTEN UND ANDEREN AUFTRAGNEHMERN&nbsp;<\/strong><\/h4><p>Wir m\u00f6chten Sie darauf hinweisen, dass wir die von Ihnen zur Verf\u00fcgung gestellten personenbezogenen Daten erheben und nutzen werden, weil dies f\u00fcr den Abschluss und die Durchf\u00fchrung eines Vertrages mit Ihnen erforderlich ist. Dies gilt sowohl f\u00fcr unsere (potenziellen) Kunden als auch f\u00fcr Parteien, von denen wir Waren und\/oder Dienstleistungen beziehen. &nbsp;<\/p><p>Wenn Sie ein (potenzieller) Kunde von uns sind, verwenden wir Ihre Daten, um Ihnen ein Angebot zukommen lassen zu k\u00f6nnen, um die Spezifikationen oder Anforderungen f\u00fcr einen bestimmten Artikel oder eine bestimmte Dienstleistung zu ermitteln, um Artikel zu liefern oder Arbeiten f\u00fcr Sie auszuf\u00fchren, um Ihnen eine Rechnung zu stellen und um mit Ihnen reibungslos und effizient \u00fcber die Durchf\u00fchrungsaspekte des Vertrags zu kommunizieren.&nbsp;<\/p><p>Wenn Sie ein (potenzieller) Lieferant oder sonstiger Auftragnehmer sind, sind Ihre personenbezogenen Daten auch f\u00fcr den Abschluss und die Durchf\u00fchrung des Vertrages erforderlich. Im Falle des Einkaufs ist dies notwendig, um Ihnen mitzuteilen, welche Spezifikationen oder W\u00fcnsche wir f\u00fcr ein bestimmtes Produkt oder eine bestimmte Dienstleistung haben, um Ihnen eine Angebotsanfrage schicken oder eine Bestellung bei Ihnen aufgeben zu k\u00f6nnen, um Ihre Rechnungen zu bezahlen und um mit Ihnen reibungslos und effizient \u00fcber andere Aspekte der Vereinbarung kommunizieren zu k\u00f6nnen.<\/p><p>Sie sind nicht verpflichtet, uns Ihre pers\u00f6nlichen Daten zur Verf\u00fcgung zu stellen. Wenn Sie uns jedoch keine oder nur unzureichende personenbezogene Daten zur Verf\u00fcgung stellen, sind wir m\u00f6glicherweise nicht in der Lage, die vorgenannten T\u00e4tigkeiten auszuf\u00fchren. &nbsp;<\/p><h4 class=\"wp-block-heading\"><strong>\u00dcBERTRAGUNG AN DRITTE<\/strong><\/h4><p>Im Zusammenhang mit der Durchf\u00fchrung eines m\u00f6glichen Vertrages mit Ihnen ist es m\u00f6glich, dass wir Ihre personenbezogenen Daten an Parteien weitergeben m\u00fcssen, die uns mit Teilen, Materialien und Produkten beliefern oder die Arbeiten in unserem Auftrag ausf\u00fchren. Wir nutzen auch externen Serverplatz f\u00fcr die Speicherung von (Teilen) unserer Verkaufs- und Einkaufsverwaltung, zu der auch Ihre personenbezogenen Daten geh\u00f6ren. Zu diesem Zweck geben wir Ihre pers\u00f6nlichen Daten an unseren Server-Provider weiter. Au\u00dferdem nutzen wir Microsoft Office und die entsprechenden Speicherm\u00f6glichkeiten f\u00fcr E-Mails und andere Dateien. Da wir einen Newsletter-Versanddienst nutzen, werden Ihre personenbezogenen Daten schlie\u00dflich an den Anbieter dieses Dienstes weitergegeben.&nbsp; &nbsp; &nbsp;<\/p><h4 class=\"wp-block-heading\"><strong>DIREKTMARKETING<\/strong><\/h4><p>Wenn Sie uns Ihr Einverst\u00e4ndnis gegeben haben, werden wir die von Ihnen zur Verf\u00fcgung gestellten personenbezogenen Daten speichern und nutzen, um Ihnen zuk\u00fcnftig personalisierte E-Mails \u00fcber unsere bestehenden und neuen Produkte und Dienstleistungen zu senden und Ihnen ggf. ein Angebot daf\u00fcr zu machen. Jedes Mal, wenn wir Ihnen eine Werbesendung zusenden, haben Sie die M\u00f6glichkeit, uns mitzuteilen, dass Sie diese nicht mehr erhalten m\u00f6chten. Siehe den Link zum Abbestellen am Ende jedes Mailings.<\/p><h4 class=\"wp-block-heading\"><strong>AUFBEWAHRUNGSFRIST F\u00dcR PERSONENBEZOGENE DATEN<\/strong><\/h4><p>Wenn Sie bei uns ein Angebot angefordert haben, aber nicht Kunde geworden sind, l\u00f6schen wir Ihre Daten sp\u00e4testens ein Jahr nach unserem letzten Kontakt. Ebenso werden Ihre personenbezogenen Daten sp\u00e4testens ein Jahr nach unserem letzten Kontakt gel\u00f6scht, wenn wir ein Angebot von Ihnen erhalten haben, Sie aber nicht Kunde bei uns geworden sind. Wenn Sie Kunde geworden sind oder wir Kunde geworden sind, bewahren wir Ihre personenbezogenen Daten f\u00fcr einen Zeitraum von sieben Jahren nach dem Ende des Gesch\u00e4ftsjahres auf, in dem der Vertrag mit Ihnen vollst\u00e4ndig abgewickelt wurde. Der Zeitraum von sieben Jahren entspricht dem Zeitraum, in dem wir verpflichtet sind, unsere Aufzeichnungen f\u00fcr die Steuerbeh\u00f6rden aufzubewahren. Nach Ablauf dieser Frist werden wir Ihre personenbezogenen Daten l\u00f6schen.&nbsp;<\/p><h4 class=\"wp-block-heading\"><strong>IHRE RECHTE<\/strong><\/h4><p>Im Hinblick auf diesen Disclaimer &amp; Privacy Statement haben Sie das Recht, von uns Einsicht in Ihre eigenen personenbezogenen Daten zu verlangen. Wenn es daf\u00fcr einen Grund gibt, k\u00f6nnen Sie uns auch auffordern, Ihre pers\u00f6nlichen Daten zu erg\u00e4nzen oder Ungenauigkeiten zu \u00e4ndern. Dar\u00fcber hinaus haben Sie das Recht, von uns die L\u00f6schung Ihrer personenbezogenen Daten zu verlangen. Oder die Nutzung Ihrer pers\u00f6nlichen Daten einzuschr\u00e4nken. Sie k\u00f6nnen auch bei uns Widerspruch gegen die Erhebung und Verwendung Ihrer personenbezogenen Daten einlegen. Oder reichen Sie eine Beschwerde bei der niederl\u00e4ndischen Datenschutzbeh\u00f6rde ein. Schlie\u00dflich k\u00f6nnen Sie von uns verlangen, dass wir Ihre personenbezogenen Daten erhalten oder an eine andere Stelle \u00fcbermitteln. Um Ihre Rechte auszu\u00fcben, wenden Sie sich bitte an: (Nijhuis Group, Snelliusstraat 9, 7102 ED, Winterswijk, 0543-512486, info@nijhuigroup.com). Dar\u00fcber hinaus k\u00f6nnen Sie sich bei Fragen oder f\u00fcr weitere Informationen \u00fcber die Erhebung und Verwendung Ihrer personenbezogenen Daten an uns wenden.<\/p><blockquote class=\"wp-block-quote is-layout-flow wp-block-quote-is-layout-flow\"><p><em>LETZTE \u00c4NDERUNG DISCLAIMER &amp; DATENSCHUTZERKL\u00c4RUNG: <\/em><em>06-12-2023<\/em><\/p><\/blockquote><blockquote class=\"wp-block-quote is-layout-flow wp-block-quote-is-layout-flow\"><p><\/p><\/blockquote><p><\/p>\n      \t<\/div>","protected":false},"excerpt":{"rendered":"<p>Haftungsausschluss und der Datenschutzerkl\u00e4rung Das Folgende gilt f\u00fcr diese gesamte Website. Mit der Nutzung dieser Website..<\/p>\n","protected":false},"author":1,"featured_media":1589,"parent":0,"menu_order":22,"comment_status":"closed","ping_status":"closed","template":"","meta":{"advgb_blocks_editor_width":"","advgb_blocks_columns_visual_guide":"","footnotes":""},"class_list":["post-3057","page","type-page","status-publish","has-post-thumbnail","hentry"],"yoast_head":"<!-- This site is optimized with the Yoast SEO plugin v24.2 - https:\/\/yoast.com\/wordpress\/plugins\/seo\/ -->\n<title>Haftungsausschluss und der Datenschutzerkl\u00e4rung - van de Nijhuis Group<\/title>\n<meta name=\"description\" content=\"Disclaimer en Privacy Statement. Het onderstaande is van toepassing op deze volledige website. Door deze website te gebruiken stemt u ermee in.\" \/>\n<meta name=\"robots\" content=\"index, follow, max-snippet:-1, max-image-preview:large, max-video-preview:-1\" \/>\n<link rel=\"canonical\" href=\"https:\/\/www.nijhuisgroup.com\/de\/disclaimer-en-privacy-statement\/\" \/>\n<meta property=\"og:locale\" content=\"de_DE\" \/>\n<meta property=\"og:type\" content=\"article\" \/>\n<meta property=\"og:title\" content=\"Haftungsausschluss und der Datenschutzerkl\u00e4rung - van de Nijhuis Group\" \/>\n<meta property=\"og:description\" content=\"Disclaimer en Privacy Statement. Het onderstaande is van toepassing op deze volledige website. Door deze website te gebruiken stemt u ermee in.\" \/>\n<meta property=\"og:url\" content=\"https:\/\/www.nijhuisgroup.com\/de\/disclaimer-en-privacy-statement\/\" \/>\n<meta property=\"og:site_name\" content=\"Nijhuis Group\" \/>\n<meta property=\"article:modified_time\" content=\"2024-03-25T16:19:31+00:00\" \/>\n<meta property=\"og:image\" content=\"https:\/\/www.nijhuisgroup.com\/wp-content\/uploads\/2022\/10\/Foto-werkplaats-edited-compress-0.jpg\" \/>\n\t<meta property=\"og:image:width\" content=\"1337\" \/>\n\t<meta property=\"og:image:height\" content=\"752\" \/>\n\t<meta property=\"og:image:type\" content=\"image\/jpeg\" \/>\n<meta name=\"twitter:card\" content=\"summary_large_image\" \/>\n<meta name=\"twitter:label1\" content=\"Gesch\u00e4tzte Lesezeit\" \/>\n\t<meta name=\"twitter:data1\" content=\"7 Minuten\" \/>\n<script type=\"application\/ld+json\" class=\"yoast-schema-graph\">{\"@context\":\"https:\/\/schema.org\",\"@graph\":[{\"@type\":\"WebPage\",\"@id\":\"https:\/\/www.nijhuisgroup.com\/de\/disclaimer-en-privacy-statement\/\",\"url\":\"https:\/\/www.nijhuisgroup.com\/de\/disclaimer-en-privacy-statement\/\",\"name\":\"Haftungsausschluss und der Datenschutzerkl\u00e4rung - van de Nijhuis Group\",\"isPartOf\":{\"@id\":\"https:\/\/www.nijhuisgroup.com\/#website\"},\"primaryImageOfPage\":{\"@id\":\"https:\/\/www.nijhuisgroup.com\/de\/disclaimer-en-privacy-statement\/#primaryimage\"},\"image\":{\"@id\":\"https:\/\/www.nijhuisgroup.com\/de\/disclaimer-en-privacy-statement\/#primaryimage\"},\"thumbnailUrl\":\"https:\/\/www.nijhuisgroup.com\/wp-content\/uploads\/2022\/10\/Foto-werkplaats-edited-compress-0.jpg\",\"datePublished\":\"2020-04-06T11:15:24+00:00\",\"dateModified\":\"2024-03-25T16:19:31+00:00\",\"description\":\"Disclaimer en Privacy Statement. Het onderstaande is van toepassing op deze volledige website. Door deze website te gebruiken stemt u ermee in.\",\"breadcrumb\":{\"@id\":\"https:\/\/www.nijhuisgroup.com\/de\/disclaimer-en-privacy-statement\/#breadcrumb\"},\"inLanguage\":\"de\",\"potentialAction\":[{\"@type\":\"ReadAction\",\"target\":[\"https:\/\/www.nijhuisgroup.com\/de\/disclaimer-en-privacy-statement\/\"]}]},{\"@type\":\"ImageObject\",\"inLanguage\":\"de\",\"@id\":\"https:\/\/www.nijhuisgroup.com\/de\/disclaimer-en-privacy-statement\/#primaryimage\",\"url\":\"https:\/\/www.nijhuisgroup.com\/wp-content\/uploads\/2022\/10\/Foto-werkplaats-edited-compress-0.jpg\",\"contentUrl\":\"https:\/\/www.nijhuisgroup.com\/wp-content\/uploads\/2022\/10\/Foto-werkplaats-edited-compress-0.jpg\",\"width\":1337,\"height\":752},{\"@type\":\"BreadcrumbList\",\"@id\":\"https:\/\/www.nijhuisgroup.com\/de\/disclaimer-en-privacy-statement\/#breadcrumb\",\"itemListElement\":[{\"@type\":\"ListItem\",\"position\":1,\"name\":\"Home\",\"item\":\"https:\/\/www.nijhuisgroup.com\/de\/\"},{\"@type\":\"ListItem\",\"position\":2,\"name\":\"Haftungsausschluss und der Datenschutzerkl\u00e4rung\"}]},{\"@type\":\"WebSite\",\"@id\":\"https:\/\/www.nijhuisgroup.com\/#website\",\"url\":\"https:\/\/www.nijhuisgroup.com\/\",\"name\":\"Nijhuis Group\",\"description\":\"En nog een WordPress site\",\"potentialAction\":[{\"@type\":\"SearchAction\",\"target\":{\"@type\":\"EntryPoint\",\"urlTemplate\":\"https:\/\/www.nijhuisgroup.com\/?s={search_term_string}\"},\"query-input\":{\"@type\":\"PropertyValueSpecification\",\"valueRequired\":true,\"valueName\":\"search_term_string\"}}],\"inLanguage\":\"de\"}]}<\/script>\n<!-- \/ Yoast SEO plugin. -->","yoast_head_json":{"title":"Haftungsausschluss und der Datenschutzerkl\u00e4rung - van de Nijhuis Group","description":"Disclaimer en Privacy Statement. Het onderstaande is van toepassing op deze volledige website. Door deze website te gebruiken stemt u ermee in.","robots":{"index":"index","follow":"follow","max-snippet":"max-snippet:-1","max-image-preview":"max-image-preview:large","max-video-preview":"max-video-preview:-1"},"canonical":"https:\/\/www.nijhuisgroup.com\/de\/disclaimer-en-privacy-statement\/","og_locale":"de_DE","og_type":"article","og_title":"Haftungsausschluss und der Datenschutzerkl\u00e4rung - van de Nijhuis Group","og_description":"Disclaimer en Privacy Statement. Het onderstaande is van toepassing op deze volledige website. Door deze website te gebruiken stemt u ermee in.","og_url":"https:\/\/www.nijhuisgroup.com\/de\/disclaimer-en-privacy-statement\/","og_site_name":"Nijhuis Group","article_modified_time":"2024-03-25T16:19:31+00:00","og_image":[{"width":1337,"height":752,"url":"https:\/\/www.nijhuisgroup.com\/wp-content\/uploads\/2022\/10\/Foto-werkplaats-edited-compress-0.jpg","type":"image\/jpeg"}],"twitter_card":"summary_large_image","twitter_misc":{"Gesch\u00e4tzte Lesezeit":"7 Minuten"},"schema":{"@context":"https:\/\/schema.org","@graph":[{"@type":"WebPage","@id":"https:\/\/www.nijhuisgroup.com\/de\/disclaimer-en-privacy-statement\/","url":"https:\/\/www.nijhuisgroup.com\/de\/disclaimer-en-privacy-statement\/","name":"Haftungsausschluss und der Datenschutzerkl\u00e4rung - van de Nijhuis Group","isPartOf":{"@id":"https:\/\/www.nijhuisgroup.com\/#website"},"primaryImageOfPage":{"@id":"https:\/\/www.nijhuisgroup.com\/de\/disclaimer-en-privacy-statement\/#primaryimage"},"image":{"@id":"https:\/\/www.nijhuisgroup.com\/de\/disclaimer-en-privacy-statement\/#primaryimage"},"thumbnailUrl":"https:\/\/www.nijhuisgroup.com\/wp-content\/uploads\/2022\/10\/Foto-werkplaats-edited-compress-0.jpg","datePublished":"2020-04-06T11:15:24+00:00","dateModified":"2024-03-25T16:19:31+00:00","description":"Disclaimer en Privacy Statement. Het onderstaande is van toepassing op deze volledige website. Door deze website te gebruiken stemt u ermee in.","breadcrumb":{"@id":"https:\/\/www.nijhuisgroup.com\/de\/disclaimer-en-privacy-statement\/#breadcrumb"},"inLanguage":"de","potentialAction":[{"@type":"ReadAction","target":["https:\/\/www.nijhuisgroup.com\/de\/disclaimer-en-privacy-statement\/"]}]},{"@type":"ImageObject","inLanguage":"de","@id":"https:\/\/www.nijhuisgroup.com\/de\/disclaimer-en-privacy-statement\/#primaryimage","url":"https:\/\/www.nijhuisgroup.com\/wp-content\/uploads\/2022\/10\/Foto-werkplaats-edited-compress-0.jpg","contentUrl":"https:\/\/www.nijhuisgroup.com\/wp-content\/uploads\/2022\/10\/Foto-werkplaats-edited-compress-0.jpg","width":1337,"height":752},{"@type":"BreadcrumbList","@id":"https:\/\/www.nijhuisgroup.com\/de\/disclaimer-en-privacy-statement\/#breadcrumb","itemListElement":[{"@type":"ListItem","position":1,"name":"Home","item":"https:\/\/www.nijhuisgroup.com\/de\/"},{"@type":"ListItem","position":2,"name":"Haftungsausschluss und der Datenschutzerkl\u00e4rung"}]},{"@type":"WebSite","@id":"https:\/\/www.nijhuisgroup.com\/#website","url":"https:\/\/www.nijhuisgroup.com\/","name":"Nijhuis Group","description":"En nog een WordPress site","potentialAction":[{"@type":"SearchAction","target":{"@type":"EntryPoint","urlTemplate":"https:\/\/www.nijhuisgroup.com\/?s={search_term_string}"},"query-input":{"@type":"PropertyValueSpecification","valueRequired":true,"valueName":"search_term_string"}}],"inLanguage":"de"}]}},"coauthors":[],"author_meta":{"author_link":"https:\/\/www.nijhuisgroup.com\/de\/author\/besite\/","display_name":"besite"},"relative_dates":{"created":"Posted 6 Jahren ago","modified":"Updated 2 Jahren ago"},"absolute_dates":{"created":"Posted on 6 April 2020","modified":"Updated on 25 M\u00e4rz 2024"},"absolute_dates_time":{"created":"Posted on 6 April 2020 12:15","modified":"Updated on 25 M\u00e4rz 2024 17:19"},"featured_img_caption":"","featured_img":"https:\/\/www.nijhuisgroup.com\/wp-content\/uploads\/2022\/10\/Foto-werkplaats-edited-compress-0.jpg","series_order":"","_links":{"self":[{"href":"https:\/\/www.nijhuisgroup.com\/de\/wp-json\/wp\/v2\/pages\/3057","targetHints":{"allow":["GET"]}}],"collection":[{"href":"https:\/\/www.nijhuisgroup.com\/de\/wp-json\/wp\/v2\/pages"}],"about":[{"href":"https:\/\/www.nijhuisgroup.com\/de\/wp-json\/wp\/v2\/types\/page"}],"author":[{"embeddable":true,"href":"https:\/\/www.nijhuisgroup.com\/de\/wp-json\/wp\/v2\/users\/1"}],"replies":[{"embeddable":true,"href":"https:\/\/www.nijhuisgroup.com\/de\/wp-json\/wp\/v2\/comments?post=3057"}],"version-history":[{"count":5,"href":"https:\/\/www.nijhuisgroup.com\/de\/wp-json\/wp\/v2\/pages\/3057\/revisions"}],"predecessor-version":[{"id":3346,"href":"https:\/\/www.nijhuisgroup.com\/de\/wp-json\/wp\/v2\/pages\/3057\/revisions\/3346"}],"wp:featuredmedia":[{"embeddable":true,"href":"https:\/\/www.nijhuisgroup.com\/de\/wp-json\/wp\/v2\/media\/1589"}],"wp:attachment":[{"href":"https:\/\/www.nijhuisgroup.com\/de\/wp-json\/wp\/v2\/media?parent=3057"}],"curies":[{"name":"wp","href":"https:\/\/api.w.org\/{rel}","templated":true}]}}