{"id":3049,"date":"2020-04-24T15:06:35","date_gmt":"2020-04-24T14:06:35","guid":{"rendered":"https:\/\/www.nijhuisgroup.com\/eerlijk-samen-groeien\/machinepark-nijhuis-group\/"},"modified":"2024-04-25T08:02:23","modified_gmt":"2024-04-25T07:02:23","slug":"machinepark-nijhuis-group","status":"publish","type":"page","link":"https:\/\/www.nijhuisgroup.com\/de\/eerlijk-samen-groeien\/machinepark-nijhuis-group\/","title":{"rendered":"Maschinenpark"},"content":{"rendered":"\n      \t<div class=\"PageContent\">\n      \t\t<h1 class=\"wp-block-heading\">Die Maschinerie der Nijhuis Group<\/h1><p>Der Maschinenpark der Nijhuis Group verf\u00fcgt \u00fcber ein ganzes Arsenal an Bearbeitungen im eigenen Haus. Diese reichen von Hochdruck- und Temperaturvulkanisierung von Naturkautschuk, Nieten, WIG- und MIG\/MAG-Schwei\u00dfen, Drehen von Maschinenteilen, Walzen, Biegen, Bohren, Schneiden, Kanten, Stanzen, S\u00e4gen und Montage.<\/p><figure class=\"wp-block-gallery has-nested-images columns-default is-cropped wp-block-gallery-1 is-layout-flex wp-block-gallery-is-layout-flex\"><figure class=\"wp-block-image size-large\"><img loading=\"lazy\" decoding=\"async\" width=\"1024\" height=\"501\" data-id=\"794\" src=\"https:\/\/www.nijhuisgroup.com\/wp-content\/uploads\/2020\/04\/59dd73e2-c112-4b06-85a3-d8da90833e21-compress-1024x501.jpg\" alt=\"\" class=\"wp-image-794\" srcset=\"https:\/\/www.nijhuisgroup.com\/wp-content\/uploads\/2020\/04\/59dd73e2-c112-4b06-85a3-d8da90833e21-compress-1024x501.jpg 1024w, https:\/\/www.nijhuisgroup.com\/wp-content\/uploads\/2020\/04\/59dd73e2-c112-4b06-85a3-d8da90833e21-compress-300x147.jpg 300w, https:\/\/www.nijhuisgroup.com\/wp-content\/uploads\/2020\/04\/59dd73e2-c112-4b06-85a3-d8da90833e21-compress-768x376.jpg 768w, https:\/\/www.nijhuisgroup.com\/wp-content\/uploads\/2020\/04\/59dd73e2-c112-4b06-85a3-d8da90833e21-compress-600x294.jpg 600w, https:\/\/www.nijhuisgroup.com\/wp-content\/uploads\/2020\/04\/59dd73e2-c112-4b06-85a3-d8da90833e21-compress-1000x489.jpg 1000w, https:\/\/www.nijhuisgroup.com\/wp-content\/uploads\/2020\/04\/59dd73e2-c112-4b06-85a3-d8da90833e21-compress.jpg 1426w\" sizes=\"auto, (max-width: 1024px) 100vw, 1024px\" \/><\/figure>  <figure class=\"wp-block-image size-large\"><img loading=\"lazy\" decoding=\"async\" width=\"768\" height=\"1024\" data-id=\"800\" src=\"https:\/\/www.nijhuisgroup.com\/wp-content\/uploads\/2020\/04\/IMG_2920-compress-768x1024.jpg\" alt=\"\" class=\"wp-image-800\" srcset=\"https:\/\/www.nijhuisgroup.com\/wp-content\/uploads\/2020\/04\/IMG_2920-compress-768x1024.jpg 768w, https:\/\/www.nijhuisgroup.com\/wp-content\/uploads\/2020\/04\/IMG_2920-compress-225x300.jpg 225w, https:\/\/www.nijhuisgroup.com\/wp-content\/uploads\/2020\/04\/IMG_2920-compress-450x600.jpg 450w, https:\/\/www.nijhuisgroup.com\/wp-content\/uploads\/2020\/04\/IMG_2920-compress-750x1000.jpg 750w, https:\/\/www.nijhuisgroup.com\/wp-content\/uploads\/2020\/04\/IMG_2920-compress.jpg 810w\" sizes=\"auto, (max-width: 768px) 100vw, 768px\" \/><\/figure>  <figure class=\"wp-block-image size-large\"><img loading=\"lazy\" decoding=\"async\" width=\"1024\" height=\"799\" data-id=\"803\" src=\"https:\/\/www.nijhuisgroup.com\/wp-content\/uploads\/2020\/04\/PHOTO-2019-12-15-12-46-18-1024x799.jpg\" alt=\"\" class=\"wp-image-803\" srcset=\"https:\/\/www.nijhuisgroup.com\/wp-content\/uploads\/2020\/04\/PHOTO-2019-12-15-12-46-18-1024x799.jpg 1024w, https:\/\/www.nijhuisgroup.com\/wp-content\/uploads\/2020\/04\/PHOTO-2019-12-15-12-46-18-300x234.jpg 300w, https:\/\/www.nijhuisgroup.com\/wp-content\/uploads\/2020\/04\/PHOTO-2019-12-15-12-46-18-768x600.jpg 768w, https:\/\/www.nijhuisgroup.com\/wp-content\/uploads\/2020\/04\/PHOTO-2019-12-15-12-46-18-1536x1199.jpg 1536w, https:\/\/www.nijhuisgroup.com\/wp-content\/uploads\/2020\/04\/PHOTO-2019-12-15-12-46-18-600x468.jpg 600w, https:\/\/www.nijhuisgroup.com\/wp-content\/uploads\/2020\/04\/PHOTO-2019-12-15-12-46-18-1000x781.jpg 1000w, https:\/\/www.nijhuisgroup.com\/wp-content\/uploads\/2020\/04\/PHOTO-2019-12-15-12-46-18.jpg 1384w\" sizes=\"auto, (max-width: 1024px) 100vw, 1024px\" \/><\/figure><figcaption class=\"blocks-gallery-caption wp-element-caption\"><strong>Ein Blick in unsere K\u00fcche<\/strong><\/figcaption><\/figure><h4 class=\"wp-block-heading\"><strong>Wartung und Sicherheit<\/strong><\/h4><p>Um alle Arbeiten ordnungsgem\u00e4\u00df durchf\u00fchren zu k\u00f6nnen, verf\u00fcgen wir \u00fcber einen umfangreichen, sicheren und gut gewarteten Maschinenpark. Unser Pr\u00e4ventionsbeauftragter und unser internes Notfallteam k\u00fcmmern sich kontinuierlich um die RI&amp;E und die damit verbundenen Aufgaben und Ma\u00dfnahmen. Unsere eigene technische Serviceabteilung h\u00e4lt die Maschinen aktiv instand. Dar\u00fcber hinaus erledigt unser Unternehmen die Lager- und Logistikaufgaben in der Regel selbst durch unsere Abteilung Operations.<\/p><h4 class=\"wp-block-heading\">Die Maschinen der Nijhuis Group im Detail<\/h4><figure class=\"wp-block-table\"><table><tbody><tr><td>Productiehal<\/td><td>2.200 m2<\/td><\/tr><tr><td>Uithoeken<\/td><td>variabele hoek tot 6 mm dikte<\/td><\/tr><tr><td>Knippen<\/td><td>tot 3000 x 10 mm<\/td><\/tr><tr><td>Kanten<\/td><td>tot 160 ton<br>lengte tot 4000 mm<\/td><\/tr><tr><td>Walsen<\/td><td>2000 x 10 mm<br>profiel walsen en conisch walsen \u25ba 220 mm<\/td><\/tr><tr><td>Zagen<\/td><td>tot \u00f8 260 mm<br>dubbelkoloms in verstek<\/td><\/tr><tr><td>Draaien<\/td><td>tot \u00f8 550 mm<br>L = 2000 mm<\/td><\/tr><tr><td>Buigen<\/td><td>300kN, Zopf<\/td><\/tr><tr><td>Ponsen<\/td><td>Mubea Punch KL 350<\/td><\/tr><tr><td>Boren<\/td><td>Radiaalboor, kolomboren<\/td><\/tr><tr><td>Stansen<\/td><td>Atom <\/td><\/tr><tr><td>Snijden<\/td><td>Summa snijmachine en een textielsnijmachine<\/td><\/tr><tr><td>Lassen &nbsp;<\/td><td>elektrisch<br>CO2<br>tig &#8211; mig &#8211; pulsmig<br>Aluminium\/RVS<br>rolstellingen<br>lasmanipulatoren<\/td><\/tr><tr><td>Hijsen &nbsp; &nbsp; &nbsp;<\/td><td>5 x 3,2 ton<\/td><\/tr><tr><td>Vulkaniseren<\/td><td>6 hogedruk persen<\/td><\/tr><tr><td>Klinken<\/td><td>3 klinkmachines tot \u00f8 12 mm<\/td><\/tr><tr><td>Heftruck<\/td><td>Hefvermogen 3000 kg en hefhoogte 4910 mm<\/td><\/tr><tr><td>Robot <\/td><td>2 Comau Racers<\/td><\/tr><tr><td>Wagenpark<\/td><td>2 stuks transport busjes en 2 aanhangers voor alle logistiek<\/td><\/tr><\/tbody><\/table><figcaption class=\"wp-element-caption\">Maschinerie Nijhuis Group 2024<\/figcaption><\/figure>\n      \t<\/div>","protected":false},"excerpt":{"rendered":"<p>Die Maschinerie der Nijhuis Group Der Maschinenpark der Nijhuis Group verf\u00fcgt \u00fcber ein ganzes Arsenal an..<\/p>\n","protected":false},"author":2,"featured_media":2284,"parent":3007,"menu_order":3,"comment_status":"closed","ping_status":"closed","template":"","meta":{"advgb_blocks_editor_width":"","advgb_blocks_columns_visual_guide":"","footnotes":""},"class_list":["post-3049","page","type-page","status-publish","has-post-thumbnail","hentry"],"yoast_head":"<!-- This site is optimized with the Yoast SEO plugin v24.2 - https:\/\/yoast.com\/wordpress\/plugins\/seo\/ -->\n<title>Het uitgebreide Maschinenpark van de - Nijhuis Group<\/title>\n<meta name=\"description\" content=\"Machinepark Nijhuis Group heeft een arsenaal aan bewerkingen in huis. Om alle werkzaamheden juist te kunnen uitvoeren is dit veilig en goed onderhouden.\" \/>\n<meta name=\"robots\" content=\"index, follow, max-snippet:-1, max-image-preview:large, max-video-preview:-1\" \/>\n<link rel=\"canonical\" href=\"https:\/\/www.nijhuisgroup.com\/de\/eerlijk-samen-groeien\/machinepark-nijhuis-group\/\" \/>\n<meta property=\"og:locale\" content=\"de_DE\" \/>\n<meta property=\"og:type\" content=\"article\" \/>\n<meta property=\"og:title\" content=\"Het uitgebreide Maschinenpark van de - Nijhuis Group\" \/>\n<meta property=\"og:description\" content=\"Machinepark Nijhuis Group heeft een arsenaal aan bewerkingen in huis. Om alle werkzaamheden juist te kunnen uitvoeren is dit veilig en goed onderhouden.\" \/>\n<meta property=\"og:url\" content=\"https:\/\/www.nijhuisgroup.com\/de\/eerlijk-samen-groeien\/machinepark-nijhuis-group\/\" \/>\n<meta property=\"og:site_name\" content=\"Nijhuis Group\" \/>\n<meta property=\"article:modified_time\" content=\"2024-04-25T07:02:23+00:00\" \/>\n<meta property=\"og:image\" content=\"https:\/\/www.nijhuisgroup.com\/wp-content\/uploads\/2023\/12\/Nijhuis-MiTech-2022-1-compress.jpg\" \/>\n\t<meta property=\"og:image:width\" content=\"1749\" \/>\n\t<meta property=\"og:image:height\" content=\"1080\" \/>\n\t<meta property=\"og:image:type\" content=\"image\/jpeg\" \/>\n<meta name=\"twitter:card\" content=\"summary_large_image\" \/>\n<meta name=\"twitter:label1\" content=\"Gesch\u00e4tzte Lesezeit\" \/>\n\t<meta name=\"twitter:data1\" content=\"3 Minuten\" \/>\n<script type=\"application\/ld+json\" class=\"yoast-schema-graph\">{\"@context\":\"https:\/\/schema.org\",\"@graph\":[{\"@type\":\"WebPage\",\"@id\":\"https:\/\/www.nijhuisgroup.com\/de\/eerlijk-samen-groeien\/machinepark-nijhuis-group\/\",\"url\":\"https:\/\/www.nijhuisgroup.com\/de\/eerlijk-samen-groeien\/machinepark-nijhuis-group\/\",\"name\":\"Het uitgebreide Maschinenpark van de - Nijhuis Group\",\"isPartOf\":{\"@id\":\"https:\/\/www.nijhuisgroup.com\/#website\"},\"primaryImageOfPage\":{\"@id\":\"https:\/\/www.nijhuisgroup.com\/de\/eerlijk-samen-groeien\/machinepark-nijhuis-group\/#primaryimage\"},\"image\":{\"@id\":\"https:\/\/www.nijhuisgroup.com\/de\/eerlijk-samen-groeien\/machinepark-nijhuis-group\/#primaryimage\"},\"thumbnailUrl\":\"https:\/\/www.nijhuisgroup.com\/wp-content\/uploads\/2023\/12\/Nijhuis-MiTech-2022-1-compress.jpg\",\"datePublished\":\"2020-04-24T14:06:35+00:00\",\"dateModified\":\"2024-04-25T07:02:23+00:00\",\"description\":\"Machinepark Nijhuis Group heeft een arsenaal aan bewerkingen in huis. Om alle werkzaamheden juist te kunnen uitvoeren is dit veilig en goed onderhouden.\",\"breadcrumb\":{\"@id\":\"https:\/\/www.nijhuisgroup.com\/de\/eerlijk-samen-groeien\/machinepark-nijhuis-group\/#breadcrumb\"},\"inLanguage\":\"de\",\"potentialAction\":[{\"@type\":\"ReadAction\",\"target\":[\"https:\/\/www.nijhuisgroup.com\/de\/eerlijk-samen-groeien\/machinepark-nijhuis-group\/\"]}]},{\"@type\":\"ImageObject\",\"inLanguage\":\"de\",\"@id\":\"https:\/\/www.nijhuisgroup.com\/de\/eerlijk-samen-groeien\/machinepark-nijhuis-group\/#primaryimage\",\"url\":\"https:\/\/www.nijhuisgroup.com\/wp-content\/uploads\/2023\/12\/Nijhuis-MiTech-2022-1-compress.jpg\",\"contentUrl\":\"https:\/\/www.nijhuisgroup.com\/wp-content\/uploads\/2023\/12\/Nijhuis-MiTech-2022-1-compress.jpg\",\"width\":1749,\"height\":1080},{\"@type\":\"BreadcrumbList\",\"@id\":\"https:\/\/www.nijhuisgroup.com\/de\/eerlijk-samen-groeien\/machinepark-nijhuis-group\/#breadcrumb\",\"itemListElement\":[{\"@type\":\"ListItem\",\"position\":1,\"name\":\"Home\",\"item\":\"https:\/\/www.nijhuisgroup.com\/de\/\"},{\"@type\":\"ListItem\",\"position\":2,\"name\":\"\u00dcber uns\",\"item\":\"https:\/\/www.nijhuisgroup.com\/de\/eerlijk-samen-groeien\/\"},{\"@type\":\"ListItem\",\"position\":3,\"name\":\"Maschinenpark\"}]},{\"@type\":\"WebSite\",\"@id\":\"https:\/\/www.nijhuisgroup.com\/#website\",\"url\":\"https:\/\/www.nijhuisgroup.com\/\",\"name\":\"Nijhuis Group\",\"description\":\"En nog een WordPress site\",\"potentialAction\":[{\"@type\":\"SearchAction\",\"target\":{\"@type\":\"EntryPoint\",\"urlTemplate\":\"https:\/\/www.nijhuisgroup.com\/?s={search_term_string}\"},\"query-input\":{\"@type\":\"PropertyValueSpecification\",\"valueRequired\":true,\"valueName\":\"search_term_string\"}}],\"inLanguage\":\"de\"}]}<\/script>\n<!-- \/ Yoast SEO plugin. -->","yoast_head_json":{"title":"Het uitgebreide Maschinenpark van de - Nijhuis Group","description":"Machinepark Nijhuis Group heeft een arsenaal aan bewerkingen in huis. Om alle werkzaamheden juist te kunnen uitvoeren is dit veilig en goed onderhouden.","robots":{"index":"index","follow":"follow","max-snippet":"max-snippet:-1","max-image-preview":"max-image-preview:large","max-video-preview":"max-video-preview:-1"},"canonical":"https:\/\/www.nijhuisgroup.com\/de\/eerlijk-samen-groeien\/machinepark-nijhuis-group\/","og_locale":"de_DE","og_type":"article","og_title":"Het uitgebreide Maschinenpark van de - Nijhuis Group","og_description":"Machinepark Nijhuis Group heeft een arsenaal aan bewerkingen in huis. Om alle werkzaamheden juist te kunnen uitvoeren is dit veilig en goed onderhouden.","og_url":"https:\/\/www.nijhuisgroup.com\/de\/eerlijk-samen-groeien\/machinepark-nijhuis-group\/","og_site_name":"Nijhuis Group","article_modified_time":"2024-04-25T07:02:23+00:00","og_image":[{"width":1749,"height":1080,"url":"https:\/\/www.nijhuisgroup.com\/wp-content\/uploads\/2023\/12\/Nijhuis-MiTech-2022-1-compress.jpg","type":"image\/jpeg"}],"twitter_card":"summary_large_image","twitter_misc":{"Gesch\u00e4tzte Lesezeit":"3 Minuten"},"schema":{"@context":"https:\/\/schema.org","@graph":[{"@type":"WebPage","@id":"https:\/\/www.nijhuisgroup.com\/de\/eerlijk-samen-groeien\/machinepark-nijhuis-group\/","url":"https:\/\/www.nijhuisgroup.com\/de\/eerlijk-samen-groeien\/machinepark-nijhuis-group\/","name":"Het uitgebreide Maschinenpark van de - Nijhuis Group","isPartOf":{"@id":"https:\/\/www.nijhuisgroup.com\/#website"},"primaryImageOfPage":{"@id":"https:\/\/www.nijhuisgroup.com\/de\/eerlijk-samen-groeien\/machinepark-nijhuis-group\/#primaryimage"},"image":{"@id":"https:\/\/www.nijhuisgroup.com\/de\/eerlijk-samen-groeien\/machinepark-nijhuis-group\/#primaryimage"},"thumbnailUrl":"https:\/\/www.nijhuisgroup.com\/wp-content\/uploads\/2023\/12\/Nijhuis-MiTech-2022-1-compress.jpg","datePublished":"2020-04-24T14:06:35+00:00","dateModified":"2024-04-25T07:02:23+00:00","description":"Machinepark Nijhuis Group heeft een arsenaal aan bewerkingen in huis. Om alle werkzaamheden juist te kunnen uitvoeren is dit veilig en goed onderhouden.","breadcrumb":{"@id":"https:\/\/www.nijhuisgroup.com\/de\/eerlijk-samen-groeien\/machinepark-nijhuis-group\/#breadcrumb"},"inLanguage":"de","potentialAction":[{"@type":"ReadAction","target":["https:\/\/www.nijhuisgroup.com\/de\/eerlijk-samen-groeien\/machinepark-nijhuis-group\/"]}]},{"@type":"ImageObject","inLanguage":"de","@id":"https:\/\/www.nijhuisgroup.com\/de\/eerlijk-samen-groeien\/machinepark-nijhuis-group\/#primaryimage","url":"https:\/\/www.nijhuisgroup.com\/wp-content\/uploads\/2023\/12\/Nijhuis-MiTech-2022-1-compress.jpg","contentUrl":"https:\/\/www.nijhuisgroup.com\/wp-content\/uploads\/2023\/12\/Nijhuis-MiTech-2022-1-compress.jpg","width":1749,"height":1080},{"@type":"BreadcrumbList","@id":"https:\/\/www.nijhuisgroup.com\/de\/eerlijk-samen-groeien\/machinepark-nijhuis-group\/#breadcrumb","itemListElement":[{"@type":"ListItem","position":1,"name":"Home","item":"https:\/\/www.nijhuisgroup.com\/de\/"},{"@type":"ListItem","position":2,"name":"\u00dcber uns","item":"https:\/\/www.nijhuisgroup.com\/de\/eerlijk-samen-groeien\/"},{"@type":"ListItem","position":3,"name":"Maschinenpark"}]},{"@type":"WebSite","@id":"https:\/\/www.nijhuisgroup.com\/#website","url":"https:\/\/www.nijhuisgroup.com\/","name":"Nijhuis Group","description":"En nog een WordPress site","potentialAction":[{"@type":"SearchAction","target":{"@type":"EntryPoint","urlTemplate":"https:\/\/www.nijhuisgroup.com\/?s={search_term_string}"},"query-input":{"@type":"PropertyValueSpecification","valueRequired":true,"valueName":"search_term_string"}}],"inLanguage":"de"}]}},"coauthors":[],"author_meta":{"author_link":"https:\/\/www.nijhuisgroup.com\/de\/author\/nijhuisgroup\/","display_name":"nijhuisgroup"},"relative_dates":{"created":"Posted 6 Jahren ago","modified":"Updated 2 Jahren ago"},"absolute_dates":{"created":"Posted on 24 April 2020","modified":"Updated on 25 April 2024"},"absolute_dates_time":{"created":"Posted on 24 April 2020 15:06","modified":"Updated on 25 April 2024 08:02"},"featured_img_caption":"","featured_img":"https:\/\/www.nijhuisgroup.com\/wp-content\/uploads\/2023\/12\/Nijhuis-MiTech-2022-1-compress.jpg","series_order":"","_links":{"self":[{"href":"https:\/\/www.nijhuisgroup.com\/de\/wp-json\/wp\/v2\/pages\/3049","targetHints":{"allow":["GET"]}}],"collection":[{"href":"https:\/\/www.nijhuisgroup.com\/de\/wp-json\/wp\/v2\/pages"}],"about":[{"href":"https:\/\/www.nijhuisgroup.com\/de\/wp-json\/wp\/v2\/types\/page"}],"author":[{"embeddable":true,"href":"https:\/\/www.nijhuisgroup.com\/de\/wp-json\/wp\/v2\/users\/2"}],"replies":[{"embeddable":true,"href":"https:\/\/www.nijhuisgroup.com\/de\/wp-json\/wp\/v2\/comments?post=3049"}],"version-history":[{"count":4,"href":"https:\/\/www.nijhuisgroup.com\/de\/wp-json\/wp\/v2\/pages\/3049\/revisions"}],"predecessor-version":[{"id":3513,"href":"https:\/\/www.nijhuisgroup.com\/de\/wp-json\/wp\/v2\/pages\/3049\/revisions\/3513"}],"up":[{"embeddable":true,"href":"https:\/\/www.nijhuisgroup.com\/de\/wp-json\/wp\/v2\/pages\/3007"}],"wp:featuredmedia":[{"embeddable":true,"href":"https:\/\/www.nijhuisgroup.com\/de\/wp-json\/wp\/v2\/media\/2284"}],"wp:attachment":[{"href":"https:\/\/www.nijhuisgroup.com\/de\/wp-json\/wp\/v2\/media?parent=3049"}],"curies":[{"name":"wp","href":"https:\/\/api.w.org\/{rel}","templated":true}]}}